{"id":7381,"date":"2020-12-21T11:48:09","date_gmt":"2020-12-21T11:48:09","guid":{"rendered":"https:\/\/altosestudiosinmobiliarios.com\/ra\/?page_id=7381"},"modified":"2020-12-21T11:48:09","modified_gmt":"2020-12-21T11:48:09","slug":"politica-y-privacidad","status":"publish","type":"page","link":"https:\/\/altosestudiosinmobiliarios.com\/ra\/politica-y-privacidad\/","title":{"rendered":"Pol\u00edtica y Privacidad"},"content":{"rendered":"<h2><b>Generalidades<\/b><\/h2>\n<p><span style=\"font-weight: 400;\">Nos importa su privacidad. Por lo tanto, desarrollamos estas Pol\u00edticas de Privacidad para explicar c\u00f3mo recopilamos, usamos y comunicamos y desplegamos su informaci\u00f3n personal. El texto detalla nuestras pol\u00edticas de privacidad.<\/span><\/p>\n<p><span style=\"font-weight: 400;\">El Sitio es una comunidad virtual para emprendedores y embajadores. Dentro de Altos Estudios Inmobiliarios podr\u00e1n acceder a cursos gratuitos, programas certificados, comprar productos, realizar donaciones, acceder a cursos y talleres en tiempo real, conocer emprendedores y embajadores de diferentes partes del mundo, adem\u00e1s de compartir sus experiencias con Altos Estudios Inmobiliarios. En el Sitio tambi\u00e9n podr\u00e1n compartir promociones y aprovechar y comprar servicios si as\u00ed lo desean (\u00abServicios\u00bb). Los Servicios incluyen, aunque no se limitan a, cualquier contenido o servicio disponible u ofrecido a trav\u00e9s de Altos Estudios Inmobiliarios, adem\u00e1s de cualquier oferta de materiales desplegados, transmitidos o desarrollados dentro del Sitio o mediante los Servicios.<\/span><\/p>\n<h2><b>Recopilaci\u00f3n de informaci\u00f3n<\/b><\/h2>\n<p><span style=\"font-weight: 400;\">Solo recopilamos informaci\u00f3n personal relevante para el objetivo del Sitio. Esta informaci\u00f3n nos permite ofrecerle una experiencia personalizada y m\u00e1s eficiente. Pedimos esta informaci\u00f3n de nuestros usuarios:<\/span><\/p>\n<h3><b>Informaci\u00f3n personal<\/b><\/h3>\n<ol>\n<li style=\"font-weight: 400;\" aria-level=\"1\"><span style=\"font-weight: 400;\">Recibimos y archivamos toda la informaci\u00f3n que ingresa en el sitio electr\u00f3nico o nos proporciona por otros medios. Tiene la opci\u00f3n de omitir cierta informaci\u00f3n, pero eso le impedir\u00eda disfrutar de todas nuestras funciones especiales.<\/span><\/li>\n<li style=\"font-weight: 400;\" aria-level=\"1\"><span style=\"font-weight: 400;\">Debe llenar un formulario de registro para utilizar los Servicios de Altos Estudios Inmobiliarios. Parte del formulario concierne a informaci\u00f3n personal de identificaci\u00f3n. Es decir, aquella que nos servir\u00e1 para identificarlo o ponernos en contacto con usted. Dicha informaci\u00f3n incluye, aunque no se limita a, su direcci\u00f3n de correo electr\u00f3nico, nombre, fecha de nacimiento, pero no su n\u00famero de tarjeta de cr\u00e9dito o informaci\u00f3n de cobro. LeadGods procesa las transacciones dentro de Altos Estudios Inmobiliarios y la informaci\u00f3n que comparta con LeadGods tambi\u00e9n queda sujeta a estas pol\u00edticas de privacidad. No tenemos acceso a los datos de la tarjeta de cr\u00e9dito registrada en PayPal.<\/span><\/li>\n<li style=\"font-weight: 400;\" aria-level=\"1\"><span style=\"font-weight: 400;\">Para que pueda expresarse con algo m\u00e1s que la informaci\u00f3n recopilada durante el proceso de registro, le damos la oportunidad de agregar informaci\u00f3n dentro de su perfil. Puede incluir su biograf\u00eda, direcci\u00f3n electr\u00f3nica, \u00e1reas de inter\u00e9s y preferencias profesionales (ubicaci\u00f3n, tipo de trabajo, entre otros). Adem\u00e1s, el perfil le permite publicar fotograf\u00edas.<\/span><\/li>\n<li style=\"font-weight: 400;\" aria-level=\"1\"><span style=\"font-weight: 400;\">Publicaremos en su perfil toda la informaci\u00f3n personal que comparta con nosotros, salvo su cumplea\u00f1os, correo electr\u00f3nico y n\u00famero telef\u00f3nico. Si no quiere que se publique la informaci\u00f3n, no llene los espacios correspondientes dentro del perfil o elimine la informaci\u00f3n que ya haya proporcionado.<\/span><\/li>\n<li style=\"font-weight: 400;\" aria-level=\"1\"><span style=\"font-weight: 400;\">Recomendamos proteger su informaci\u00f3n m\u00e1s personal y a los miembros les pedimos que piensen bien qu\u00e9 informaci\u00f3n publicar\u00e1n en sus perfiles. Puede ingresar a su perfil para revisar la informaci\u00f3n cuando lo desee.<\/span><\/li>\n<li style=\"font-weight: 400;\" aria-level=\"1\"><span style=\"font-weight: 400;\">Necesitamos su direcci\u00f3n de correo electr\u00f3nico para ponernos en contacto con usted. Tambi\u00e9n podr\u00edamos pedirle su nombre, ubicaci\u00f3n geogr\u00e1fica y n\u00famero telef\u00f3nico, con tal de ofrecerle servicios adicionales. Podr\u00edamos compartir parte o toda la informaci\u00f3n con los profesores de las clases a las que se inscriba para que puedan coordinar mejor sus grupos. No le daremos su nombre, correo electr\u00f3nico o cualquier otra informaci\u00f3n personal a terceras partes no afiliadas a nosotros, a menos que usted lo permita o estipulen estas Pol\u00edticas de Privacidad.<\/span><\/li>\n<\/ol>\n<h3><b>Otra informaci\u00f3n<\/b><\/h3>\n<ol>\n<li style=\"font-weight: 400;\" aria-level=\"1\"><span style=\"font-weight: 400;\">Utilizamos su direcci\u00f3n IP para identificar problemas con el servidor, administrar el Sitio y estudiar patrones de tr\u00e1fico dentro del mismo. Tambi\u00e9n cookies, web bugs o tecnolog\u00eda similar para ofrecerle contenido acorde a sus intereses y para almacenar su contrase\u00f1a para que no tenga que ingresarla cada que nos visite. Tambi\u00e9n podr\u00edamos usar los web bugs y similares en correos electr\u00f3nicos para saber si los correos se han visto. Asimismo, nuestros servidores Web rastrean informaci\u00f3n concerniente a las visitas al Sitio. Por ejemplo, recopilamos estad\u00edsticas para conocer el n\u00famero de visitas diarias, las solicitudes diarias para archivos en particular dentro del Servicio y su lugar de origen. Usamos estas estad\u00edsticas adicionales internamente para mejorar nuestros servicios y podr\u00edamos compartirlas con otras partes.<\/span><\/li>\n<\/ol>\n<h3><b>P\u00e1ginas Web de terceros<\/b><\/h3>\n<ol>\n<li style=\"font-weight: 400;\" aria-level=\"1\"><span style=\"font-weight: 400;\">Es posible que recibamos sus datos personales cuando ingrese o inicie sesi\u00f3n a una p\u00e1gina de un tercero, p. ej., Facebook, desde nuestro Sitio. Esto podr\u00eda incluir texto o im\u00e1genes personales disponibles en la p\u00e1gina externa.<\/span><\/li>\n<\/ol>\n<h2><b>Uso y divulgaci\u00f3n de su informaci\u00f3n personal<\/b><\/h2>\n<p><span style=\"font-weight: 400;\">Esta es la \u00fanica forma en que podr\u00edamos usar y divulgar su informaci\u00f3n personal:<\/span><\/p>\n<ol>\n<li style=\"font-weight: 400;\" aria-level=\"1\"><span style=\"font-weight: 400;\">Para promocionar nuestro Servicio. Por ejemplo, si utiliza alguno de nuestros servicios y consideramos que se beneficiar\u00eda de alg\u00fan otro, podr\u00edamos enviarle un correo electr\u00f3nico para presentarlo.<\/span><\/li>\n<li style=\"font-weight: 400;\" aria-level=\"1\"><span style=\"font-weight: 400;\">Para enviarle mensajes de alerta del sistema. Podr\u00edamos informarle sobre cambios temporales o permanentes del Servicio, como interrupciones planeadas, nuevas funciones, actualizaciones, lanzamientos, avisos por abuso o cambios a nuestras Pol\u00edticas de Privacidad o Condiciones de Uso.<\/span><\/li>\n<li style=\"font-weight: 400;\" aria-level=\"1\"><span style=\"font-weight: 400;\">Para garantizar el cumplimiento de nuestras Condiciones de Uso y de leyes en rigor. Pod\u00eda ser el desarrollo de herramientas y algoritmos \u00fatiles para prevenir infracciones.<\/span><\/li>\n<li style=\"font-weight: 400;\" aria-level=\"1\"><span style=\"font-weight: 400;\">Para darle servicio al cliente.<\/span><\/li>\n<li style=\"font-weight: 400;\" aria-level=\"1\"><span style=\"font-weight: 400;\">Para proteger los derechos y la seguridad de nuestros usuarios y terceras partes, pero tambi\u00e9n las nuestras.<\/span><\/li>\n<li style=\"font-weight: 400;\" aria-level=\"1\"><span style=\"font-weight: 400;\">Para cumplir con requisitos legales como \u00f3rdenes judiciales o citaciones.<\/span><\/li>\n<li style=\"font-weight: 400;\" aria-level=\"1\"><span style=\"font-weight: 400;\">Para darle informaci\u00f3n a representantes legales o consejeros; es decir abogados o contadores que nos ayuden a cumplir con las disposiciones legales, de contabilidad o seguridad.<\/span><\/li>\n<li style=\"font-weight: 400;\" aria-level=\"1\"><span style=\"font-weight: 400;\">Para procesos y defensas ante cortes, tribunales o cualquier proceso similar.<\/span><\/li>\n<li style=\"font-weight: 400;\" aria-level=\"1\"><span style=\"font-weight: 400;\">Para mantener y mejorar nuestros Servicios. Incluso a\u00f1adir nuevas funciones a nuestros Servicios.<\/span><\/li>\n<li style=\"font-weight: 400;\" aria-level=\"1\"><span style=\"font-weight: 400;\">Para darle informaci\u00f3n sobre su cuenta pero no con fines comerciales.<\/span><\/li>\n<li style=\"font-weight: 400;\" aria-level=\"1\"><span style=\"font-weight: 400;\">Para transferir su informaci\u00f3n en caso de venta, fusi\u00f3n, consolidaci\u00f3n o adquisici\u00f3n. En caso de que alguien nos compre o nos fusionemos con otra empresa, nos reservamos el derecho de transferir o asignar la informaci\u00f3n de nuestros usuarios como parte de la fusi\u00f3n, adquisici\u00f3n, venta o cualquier otro cambio de mando. En el poco probable caso de caer en bancarrota, insolvencia, reorganizaci\u00f3n, sindicatura o asignaci\u00f3n de beneficios a nuestros acreedores, o aplicaci\u00f3n de leyes o principios equitativos que afecten a los derechos de los acreedores en general, podr\u00edamos no tener control sobre su informaci\u00f3n, su uso o cesi\u00f3n.<\/span><\/li>\n<li style=\"font-weight: 400;\" aria-level=\"1\"><span style=\"font-weight: 400;\">Para enviar contenido informativo y promocional que pudiera elegir u optar por recibir. Puede dejar de recibir nuestros correos promocionales si sigue las instrucciones para darse de baja, incluidas en cada correo.<\/span><\/li>\n<li style=\"font-weight: 400;\" aria-level=\"1\"><span style=\"font-weight: 400;\">Compartirla con proveedores externos. A menos que lo establezcan estas pol\u00edticas, no acostumbramos vender, cambiar, compartir o alquilar la informaci\u00f3n personal recopilada por el Sitio. Sin embargo, podr\u00edamos compartir sus datos personales con proveedores externos para obtener los servicios que nos permiten mantener y ofrecerle nuestro Sitio y Servicio. Por lo tanto, consiente el intercambio de su informaci\u00f3n con nuestros proveedores y otros contratistas con el \u00fanico objetivo de brindarle nuestros servicios. Limitamos la informaci\u00f3n de nuestros usuarios a dichas terceras partes, dej\u00e1ndoles solo lo necesario para que desarrolle sus funciones.<\/span><\/li>\n<li style=\"font-weight: 400;\" aria-level=\"1\"><span style=\"font-weight: 400;\">Tambi\u00e9n podr\u00edamos compartir su informaci\u00f3n personal con empleados, consultores u otros ejecutivos para que procesen la informaci\u00f3n por nosotros. En tal caso, le pedimos a las partes que acepten proteger la confidencialidad de dicha informaci\u00f3n y que cumplan con las condiciones de estas Pol\u00edticas de Privacidad.<\/span><\/li>\n<\/ol>\n<h2><b>Informaci\u00f3n p\u00fablica y terceras partes<\/b><\/h2>\n<h3><b>Biograf\u00eda, foros, comentarios y clases en l\u00ednea<\/b><\/h3>\n<ol>\n<li style=\"font-weight: 400;\" aria-level=\"1\"><span style=\"font-weight: 400;\">El Sitio cuenta con foros p\u00fablicos. Cualquier persona podr\u00e1 leer, recopilar y usar la informaci\u00f3n que incluya en su biograf\u00eda, en los comentarios, foros o en alg\u00fan proyecto. Adem\u00e1s, su perfil y salones de clase virtuales suelen estar disponibles al p\u00fablico. Debe tomar las debidas precauciones antes de divulgar su informaci\u00f3n personal en estos y otros espacios p\u00fablicos.<\/span><\/li>\n<li style=\"font-weight: 400;\" aria-level=\"1\"><span style=\"font-weight: 400;\">Si su informaci\u00f3n personal aparece en nuestros foros y prefiere que la retiremos, env\u00edenos un correo electr\u00f3nico a contacto@altosestudiosinmobiliarios.com. Y, si no podemos retirarla, le daremos una explicaci\u00f3n.<\/span><\/li>\n<\/ol>\n<h3><b>Widgets para redes sociales<\/b><\/h3>\n<ol>\n<li style=\"font-weight: 400;\" aria-level=\"1\"><span style=\"font-weight: 400;\">El Sitio incluye aplicaciones para redes sociales, como el bot\u00f3n para Facebook. Estas aplicaciones podr\u00edan registrar informaci\u00f3n de su direcci\u00f3n IP y sobre las p\u00e1ginas dentro de nuestro Sitio que haya visitado, adem\u00e1s de dejar un cookie para asegurarse de que la aplicaci\u00f3n funcione de forma correcta. Las aplicaciones y widgets para redes sociales pertenecen o a una tercera parte o bien directamente a nuestro Sitio. La interacci\u00f3n con las aplicaciones se rige por las pol\u00edticas de privacidad de las compa\u00f1\u00edas que las ofrecen.<\/span><\/li>\n<\/ol>\n<h3><b>Enlaces a las p\u00e1ginas de terceras partes<\/b><\/h3>\n<ol>\n<li style=\"font-weight: 400;\" aria-level=\"1\"><span style=\"font-weight: 400;\">En nuestro Sitio encontrar\u00e1 enlaces a otras p\u00e1ginas Web cuyas pr\u00e1cticas de privacidad podr\u00edan diferir de las establecidas para Altos Estudios Inmobiliarios. Si ingresa informaci\u00f3n personal en esas p\u00e1ginas se ver\u00e1 sujeta a sus propias pol\u00edticas. Le recomendamos que lea con detenimiento las pol\u00edticas de privacidad de cualquiera de las p\u00e1ginas que visite.<\/span><\/li>\n<\/ol>\n<h2><b>Rastreo de terceras partes<\/b><\/h2>\n<p><span style=\"font-weight: 400;\">Terceras partes, incluso p\u00e1ginas y aplicaciones ligadas a nuestra p\u00e1gina (p. ej. Facebook y YouTube), \u00e1reas de servicio al cliente y an\u00e1lisis de datos, podr\u00edan recopilar su informaci\u00f3n relacionada al uso de nuestro Sitio (p. ej. sobre su navegaci\u00f3n). Estas partes pudieran valerse de tecnolog\u00eda de rastreo conectada al Sitio y al Servicio que podr\u00eda recabar informaci\u00f3n sobre su actividad en l\u00ednea en un periodo de tiempo y a trav\u00e9s de p\u00e1ginas Web de terceros u otros servicios en l\u00ednea. En algunos casos, estas herramientas de rastreo solo conseguir\u00e1n informaci\u00f3n no personal sobre su navegaci\u00f3n en el Sitio. Sin embargo, tambi\u00e9n podr\u00edan recopilar informaci\u00f3n personal cuando brinden sus servicios (p. ej. en servicio al cliente podr\u00edan pedir su nombre y direcci\u00f3n de correo electr\u00f3nico para desempe\u00f1ar su trabajo).<\/span><\/p>\n<p><span style=\"font-weight: 400;\">No monitoreamos ni tomamos acciones con respecto a se\u00f1ales del navegador u otros mecanismos para la elecci\u00f3n concerniente a la recopilaci\u00f3n de informaci\u00f3n del individuo, de su historial o a trav\u00e9s de p\u00e1ginas de terceros o servicios en l\u00ednea (p. ej. se\u00f1ales de no rastreo de los navegadores).<\/span><\/p>\n<h4><b>Retroalimentaci\u00f3n<\/b><\/h4>\n<p><span style=\"font-weight: 400;\">Si nos da retroalimentaci\u00f3n respecto al Sitio, podr\u00edamos usarla para cualquier prop\u00f3sito, pero no vinculamos sus comentarios a su informaci\u00f3n personal. Altos Estudios Inmobiliarios recopil\u00f3 la informaci\u00f3n y tratar\u00e1 la informaci\u00f3n personal contenida seg\u00fan lo establecido en estas Pol\u00edticas de Privacidad.<\/span><\/p>\n<h4><b>Privacidad infantil<\/b><\/h4>\n<p><span style=\"font-weight: 400;\">Deben tenerse al menos 13 a\u00f1os de edad para darse de alta en el Sitio. Por lo tanto, no recopilamos informaci\u00f3n de ni\u00f1os.<\/span><\/p>\n<h2><b>Precisi\u00f3n de la informaci\u00f3n, transparenciay elecci\u00f3n<\/b><\/h2>\n<p><span style=\"font-weight: 400;\">Hacemos lo posible por mantener la precisi\u00f3n y vigencia de su informaci\u00f3n, siempre y cuando nos proporcione lo necesario para hacerlo. Usted es responsable de darnos cualquier cambio de informaci\u00f3n (digamos una nueva direcci\u00f3n de correo electr\u00f3nico).<\/span><\/p>\n<p><span style=\"font-weight: 400;\">Mantenemos la informaci\u00f3n personal solo durante el tiempo necesario para cumplir con el prop\u00f3sito por el que nos la comparti\u00f3.<\/span><\/p>\n<p><span style=\"font-weight: 400;\">Le daremos acceso a su informaci\u00f3n personal durante 30 d\u00edas a partir de que lo solicite v\u00eda correo electr\u00f3nico contacto@altosestudiosinmobiliarios.com. Si no lo proh\u00edbe la ley, podemos eliminar de nuestros servidores cualquier dato que nos pida.<\/span><\/p>\n<h2><b>Seguridad de sus datos personales<\/b><\/h2>\n<p><span style=\"font-weight: 400;\">Altos Estudios Inmobiliarios se compromete a proteger sus datos personales. Protegemos su informaci\u00f3n contra malos usos, no autorizados o divulgaci\u00f3n con tecnolog\u00eda y procesos utilizados en la industria. Sin embargo, a pesar de tomar estas medidas, debe saber que no podemos eliminar la totalidad de los riesgos que pudieran sufrir sus datos y podr\u00edamos cometer alg\u00fan error.<\/span><\/p>\n<h4><b>Aviso de violaci\u00f3n de seguridad<\/b><\/h4>\n<p><span style=\"font-weight: 400;\">Nadie est\u00e1 exento de los hackers. Si somos v\u00edctimas de una violaci\u00f3n de seguridad en nuestro sistema y usted resulta afectado le avisaremos tan pronto como podamos; despu\u00e9s le informaremos sobre las acciones que hayamos tomado<\/span><\/p>\n<h2><b>Cambios y aviso de cambios<\/b><\/h2>\n<p><span style=\"font-weight: 400;\">Podr\u00edamos, seg\u00fan consideremos, cambiar o modificar estas Pol\u00edticas de Privacidad en cualquier momento. Se entender\u00e1 que acepta los cambios si ingresa al Sitio despu\u00e9s de que estos hayan surtido efecto.<\/span><\/p>\n<p><span style=\"font-weight: 400;\">En caso de que cambiemos nuestras pol\u00edticas de privacidad, publicaremos los cambios en este documento en nuestra p\u00e1gina principal y en otros lugares que consideremos apropiados para que nuestros usuarios est\u00e9n siempre enterados de la informaci\u00f3n que recopilamos, c\u00f3mo la usamos y bajo qu\u00e9 circunstancias la divulgaremos. Pero, si usamos la informaci\u00f3n del usuario de alguna forma diferente a la establecida al momento en que la recopilamos, lo publicaremos en el Sitio durante 30 d\u00edas.<\/span><\/p>\n<h2><b>Informaci\u00f3n de contacto<\/b><\/h2>\n<p><span style=\"font-weight: 400;\">Altos Estudios Inmobiliarios acepta sus preguntas o comentarios con respecto a estas Pol\u00edticas de Privacidad. Por favor, env\u00edenos un correo a contacto@altosestudiosinmobiliarios.com<\/span><\/p>\n<h4><b>Vigencia de estas Pol\u00edticas de Privacidad<\/b><\/h4>\n<p><span style=\"font-weight: 400;\">Este documento se modific\u00f3 por \u00faltima vez en 17 de Octubrel de 2017.<\/span><\/p>\n<p>&nbsp;<\/p>\n<p>&nbsp;<\/p>\n","protected":false},"excerpt":{"rendered":"<p>Generalidades Nos importa su privacidad. Por lo tanto, desarrollamos estas Pol\u00edticas de Privacidad para explicar c\u00f3mo recopilamos, usamos y comunicamos y desplegamos su informaci\u00f3n personal. El texto detalla nuestras pol\u00edticas de privacidad. El Sitio es una comunidad virtual para emprendedores y embajadores. Dentro de Altos Estudios Inmobiliarios podr\u00e1n acceder a cursos gratuitos, programas certificados, comprar&hellip;&nbsp;<a href=\"https:\/\/altosestudiosinmobiliarios.com\/ra\/politica-y-privacidad\/\" rel=\"bookmark\">Leer m\u00e1s &raquo;<span class=\"screen-reader-text\">Pol\u00edtica y Privacidad<\/span><\/a><\/p>\n","protected":false},"author":1,"featured_media":0,"parent":0,"menu_order":0,"comment_status":"closed","ping_status":"closed","template":"","meta":{"_monsterinsights_skip_tracking":false,"_monsterinsights_sitenote_active":false,"_monsterinsights_sitenote_note":"","_monsterinsights_sitenote_category":0,"neve_meta_sidebar":"full-width","neve_meta_container":"","neve_meta_enable_content_width":"on","neve_meta_content_width":100,"neve_meta_title_alignment":"","neve_meta_author_avatar":"","neve_post_elements_order":"","neve_meta_disable_header":"","neve_meta_disable_footer":"","neve_meta_disable_title":"","footnotes":""},"class_list":["post-7381","page","type-page","status-publish","hentry"],"_links":{"self":[{"href":"https:\/\/altosestudiosinmobiliarios.com\/ra\/wp-json\/wp\/v2\/pages\/7381","targetHints":{"allow":["GET"]}}],"collection":[{"href":"https:\/\/altosestudiosinmobiliarios.com\/ra\/wp-json\/wp\/v2\/pages"}],"about":[{"href":"https:\/\/altosestudiosinmobiliarios.com\/ra\/wp-json\/wp\/v2\/types\/page"}],"author":[{"embeddable":true,"href":"https:\/\/altosestudiosinmobiliarios.com\/ra\/wp-json\/wp\/v2\/users\/1"}],"replies":[{"embeddable":true,"href":"https:\/\/altosestudiosinmobiliarios.com\/ra\/wp-json\/wp\/v2\/comments?post=7381"}],"version-history":[{"count":0,"href":"https:\/\/altosestudiosinmobiliarios.com\/ra\/wp-json\/wp\/v2\/pages\/7381\/revisions"}],"wp:attachment":[{"href":"https:\/\/altosestudiosinmobiliarios.com\/ra\/wp-json\/wp\/v2\/media?parent=7381"}],"curies":[{"name":"wp","href":"https:\/\/api.w.org\/{rel}","templated":true}]}}